{"id":118,"date":"1977-11-19T09:15:00","date_gmt":"1977-11-19T01:15:00","guid":{"rendered":"http:\/\/www.idylligkeit.de\/notizen\/?page_id=118"},"modified":"2024-10-04T10:29:29","modified_gmt":"2024-10-04T02:29:29","slug":"reisen","status":"publish","type":"page","link":"https:\/\/www.idylligkeit.de\/notizen\/","title":{"rendered":"Laber, laber, laber \u2026"},"content":{"rendered":"\n<p>\u2026 wenn Ihr euch f\u00fcr diese drei W\u00f6rter interessiert, lest bitte weiter.<\/p>\n\n\n\n<p>Dieser Blog ist unser Reisetagebuch und wir freuen uns, dieses mit unserer Familie und unseren Freunden teilen zu k\u00f6nnen. Wir ertappen uns oft genug selbst dabei, wie wir vor dem Rechner oder am Telefon sitzen und durch die alten Aufzeichnungen flippen. Es ist dann immer eine gro\u00dfe Freude die vielen Details wiederzuentdecken. Wir w\u00fcnschen Euch ebenso viel Spa\u00df beim Schauen der Bilder und Lesen unserer Berichte! Wenn Ihr Feedback habt, hinterlasst gerne einen Kommentar am Beitrag oder Bild.<\/p>\n\n\n\n<div style=\"height:40px\" aria-hidden=\"true\" class=\"wp-block-spacer\"><\/div>\n\n\n\n<div class=\"wp-block-columns is-layout-flex wp-container-core-columns-is-layout-9d6595d7 wp-block-columns-is-layout-flex\">\n<div class=\"wp-block-column is-layout-flow wp-block-column-is-layout-flow\">\n<div class=\"wp-block-query is-layout-flow wp-block-query-is-layout-flow\"><ul class=\"wp-block-post-template is-layout-flow wp-block-post-template-is-layout-flow\"><li class=\"wp-block-post post-7891 post type-post status-publish format-standard has-post-thumbnail hentry category-china\">\n<figure class=\"alignwide wp-block-post-featured-image\"><a href=\"https:\/\/www.idylligkeit.de\/notizen\/archive\/7891\" target=\"_self\"  ><img loading=\"lazy\" decoding=\"async\" width=\"359\" height=\"269\" src=\"https:\/\/www.idylligkeit.de\/notizen\/wp-content\/uploads\/2022\/07\/alles-lecker-42-359x269.jpeg\" class=\"attachment-post-thumbnail size-post-thumbnail wp-post-image\" alt=\"China &#8211; \u00dcbersicht\" style=\"object-fit:cover;\" srcset=\"https:\/\/www.idylligkeit.de\/notizen\/wp-content\/uploads\/2022\/07\/alles-lecker-42-359x269.jpeg 359w, https:\/\/www.idylligkeit.de\/notizen\/wp-content\/uploads\/2022\/07\/alles-lecker-42-300x225.jpeg 300w, https:\/\/www.idylligkeit.de\/notizen\/wp-content\/uploads\/2022\/07\/alles-lecker-42-768x576.jpeg 768w, https:\/\/www.idylligkeit.de\/notizen\/wp-content\/uploads\/2022\/07\/alles-lecker-42-1024x768.jpeg 1024w, https:\/\/www.idylligkeit.de\/notizen\/wp-content\/uploads\/2022\/07\/alles-lecker-42.jpeg 1280w\" sizes=\"auto, (max-width: 359px) 100vw, 359px\" data-attachment-id=\"4528\" data-permalink=\"https:\/\/www.idylligkeit.de\/notizen\/archive\/4459\/alles-lecker-42\" data-orig-file=\"https:\/\/www.idylligkeit.de\/notizen\/wp-content\/uploads\/2022\/07\/alles-lecker-42.jpeg\" data-orig-size=\"1280,960\" data-comments-opened=\"1\" data-image-meta=\"{&quot;aperture&quot;:&quot;1.6&quot;,&quot;credit&quot;:&quot;&quot;,&quot;camera&quot;:&quot;iPhone 13 mini&quot;,&quot;caption&quot;:&quot;&quot;,&quot;created_timestamp&quot;:&quot;1657313289&quot;,&quot;copyright&quot;:&quot;&quot;,&quot;focal_length&quot;:&quot;5.1&quot;,&quot;iso&quot;:&quot;64&quot;,&quot;shutter_speed&quot;:&quot;0.01&quot;,&quot;title&quot;:&quot;&quot;,&quot;orientation&quot;:&quot;1&quot;}\" data-image-title=\"alles-lecker &amp;#8211; 42\" data-image-description=\"\" data-image-caption=\"\" data-large-file=\"https:\/\/www.idylligkeit.de\/notizen\/wp-content\/uploads\/2022\/07\/alles-lecker-42-1024x768.jpeg\" \/><\/a><\/figure>\n\n<h2 class=\"wp-block-post-title has-normal-font-size\">China &#8211; \u00dcbersicht<\/h2>\n\n<div class=\"wp-block-post-excerpt\"><p class=\"wp-block-post-excerpt__excerpt\">Im Sommer 2022 sind wir nach China gereist, um dort f\u00fcr einige Jahre zu leben und zu arbeiten. Wir haben uns in unserem Zuhause in<\/p><p class=\"wp-block-post-excerpt__more-text\"><a class=\"wp-block-post-excerpt__more-link\" href=\"https:\/\/www.idylligkeit.de\/notizen\/archive\/7891\">Lest MEHR!<\/a><\/p><\/div>\n<\/li><\/ul><\/div>\n<\/div>\n\n\n\n<div class=\"wp-block-column is-layout-flow wp-block-column-is-layout-flow\">\n<div class=\"wp-block-query is-layout-flow wp-block-query-is-layout-flow\"><ul class=\"wp-block-post-template is-layout-flow wp-block-post-template-is-layout-flow\"><li class=\"wp-block-post post-7924 post type-post status-publish format-standard has-post-thumbnail hentry category-reisen\">\n<figure class=\"wp-block-post-featured-image\"><a href=\"https:\/\/www.idylligkeit.de\/notizen\/archive\/7924\" target=\"_self\"  ><img loading=\"lazy\" decoding=\"async\" width=\"359\" height=\"269\" src=\"https:\/\/www.idylligkeit.de\/notizen\/wp-content\/uploads\/2021\/06\/24a58ec9-3e4e-401e-8066-1e97a8c4d348_777A9A9B-BDA7-4BDA-9E0B-778E7D4365F8-359x269.jpg\" class=\"attachment-post-thumbnail size-post-thumbnail wp-post-image\" alt=\"Reisen &#8211; \u00dcbersicht\" style=\"object-fit:cover;\" srcset=\"https:\/\/www.idylligkeit.de\/notizen\/wp-content\/uploads\/2021\/06\/24a58ec9-3e4e-401e-8066-1e97a8c4d348_777A9A9B-BDA7-4BDA-9E0B-778E7D4365F8-359x269.jpg 359w, https:\/\/www.idylligkeit.de\/notizen\/wp-content\/uploads\/2021\/06\/24a58ec9-3e4e-401e-8066-1e97a8c4d348_777A9A9B-BDA7-4BDA-9E0B-778E7D4365F8-300x225.jpg 300w, https:\/\/www.idylligkeit.de\/notizen\/wp-content\/uploads\/2021\/06\/24a58ec9-3e4e-401e-8066-1e97a8c4d348_777A9A9B-BDA7-4BDA-9E0B-778E7D4365F8-768x576.jpg 768w, https:\/\/www.idylligkeit.de\/notizen\/wp-content\/uploads\/2021\/06\/24a58ec9-3e4e-401e-8066-1e97a8c4d348_777A9A9B-BDA7-4BDA-9E0B-778E7D4365F8-1024x768.jpg 1024w, https:\/\/www.idylligkeit.de\/notizen\/wp-content\/uploads\/2021\/06\/24a58ec9-3e4e-401e-8066-1e97a8c4d348_777A9A9B-BDA7-4BDA-9E0B-778E7D4365F8.jpg 1280w\" sizes=\"auto, (max-width: 359px) 100vw, 359px\" data-attachment-id=\"189\" data-permalink=\"https:\/\/www.idylligkeit.de\/notizen\/archive\/187\/24a58ec9-3e4e-401e-8066-1e97a8c4d348_777a9a9b-bda7-4bda-9e0b-778e7d4365f8\" data-orig-file=\"https:\/\/www.idylligkeit.de\/notizen\/wp-content\/uploads\/2021\/06\/24a58ec9-3e4e-401e-8066-1e97a8c4d348_777A9A9B-BDA7-4BDA-9E0B-778E7D4365F8.jpg\" data-orig-size=\"1280,960\" data-comments-opened=\"1\" data-image-meta=\"{&quot;aperture&quot;:&quot;0&quot;,&quot;credit&quot;:&quot;&quot;,&quot;camera&quot;:&quot;&quot;,&quot;caption&quot;:&quot;&quot;,&quot;created_timestamp&quot;:&quot;0&quot;,&quot;copyright&quot;:&quot;&quot;,&quot;focal_length&quot;:&quot;0&quot;,&quot;iso&quot;:&quot;0&quot;,&quot;shutter_speed&quot;:&quot;0&quot;,&quot;title&quot;:&quot;&quot;,&quot;orientation&quot;:&quot;1&quot;}\" data-image-title=\"24a58ec9-3e4e-401e-8066-1e97a8c4d348_777A9A9B-BDA7-4BDA-9E0B-778E7D4365F8\" data-image-description=\"\" data-image-caption=\"\" data-large-file=\"https:\/\/www.idylligkeit.de\/notizen\/wp-content\/uploads\/2021\/06\/24a58ec9-3e4e-401e-8066-1e97a8c4d348_777A9A9B-BDA7-4BDA-9E0B-778E7D4365F8-1024x768.jpg\" \/><\/a><\/figure>\n\n<h2 class=\"wp-block-post-title has-normal-font-size\">Reisen &#8211; \u00dcbersicht<\/h2>\n\n<div class=\"wp-block-post-excerpt\"><p class=\"wp-block-post-excerpt__excerpt\">Unsere l\u00e4ngeren letzten Aktivit\u00e4ten vor China &#8211; meist mit dem Bus in Europa &#8222;erfahren&#8220;. Auch hier gilt: viel Spa\u00df beim Schauen der Bilder und Lesen<\/p><p class=\"wp-block-post-excerpt__more-text\"><a class=\"wp-block-post-excerpt__more-link\" href=\"https:\/\/www.idylligkeit.de\/notizen\/archive\/7924\">Lest MEHR!<\/a><\/p><\/div>\n<\/li><\/ul><\/div>\n<\/div>\n<\/div>\n","protected":false},"excerpt":{"rendered":"<p>\u2026 wenn Ihr euch f\u00fcr diese drei W\u00f6rter interessiert, lest bitte weiter. Dieser Blog ist unser Reisetagebuch und wir freuen uns, dieses mit unserer Familie &hellip;<\/p>\n","protected":false},"author":2,"featured_media":0,"parent":0,"menu_order":0,"comment_status":"closed","ping_status":"closed","template":"","meta":{"jetpack_post_was_ever_published":false,"footnotes":""},"class_list":["post-118","page","type-page","status-publish","hentry"],"jetpack_sharing_enabled":true,"_links":{"self":[{"href":"https:\/\/www.idylligkeit.de\/notizen\/wp-json\/wp\/v2\/pages\/118","targetHints":{"allow":["GET"]}}],"collection":[{"href":"https:\/\/www.idylligkeit.de\/notizen\/wp-json\/wp\/v2\/pages"}],"about":[{"href":"https:\/\/www.idylligkeit.de\/notizen\/wp-json\/wp\/v2\/types\/page"}],"author":[{"embeddable":true,"href":"https:\/\/www.idylligkeit.de\/notizen\/wp-json\/wp\/v2\/users\/2"}],"replies":[{"embeddable":true,"href":"https:\/\/www.idylligkeit.de\/notizen\/wp-json\/wp\/v2\/comments?post=118"}],"version-history":[{"count":32,"href":"https:\/\/www.idylligkeit.de\/notizen\/wp-json\/wp\/v2\/pages\/118\/revisions"}],"predecessor-version":[{"id":15905,"href":"https:\/\/www.idylligkeit.de\/notizen\/wp-json\/wp\/v2\/pages\/118\/revisions\/15905"}],"wp:attachment":[{"href":"https:\/\/www.idylligkeit.de\/notizen\/wp-json\/wp\/v2\/media?parent=118"}],"curies":[{"name":"wp","href":"https:\/\/api.w.org\/{rel}","templated":true}]}}